{"id":1040,"date":"2020-10-14T16:01:46","date_gmt":"2020-10-14T14:01:46","guid":{"rendered":"http:\/\/beta.alflebt.de\/?page_id=1040"},"modified":"2025-08-15T19:01:01","modified_gmt":"2025-08-15T17:01:01","slug":"marc-niering","status":"publish","type":"page","link":"https:\/\/nordicscience.de\/corporate\/team\/marc-niering\/","title":{"rendered":"Marc Niering"},"content":{"rendered":"<p><div class=\"fusion-bg-parallax\" data-bg-align=\"center center\" data-direction=\"up\" data-mute=\"false\" data-opacity=\"100\" data-velocity=\"-0.4\" data-mobile-enabled=\"false\" data-break_parents=\"0\" data-bg-image=\"https:\/\/nordicscience.de\/corporate\/wp-content\/uploads\/2022\/02\/Marc-Eismeersurfing-2-scaled.jpg\" data-bg-repeat=\"false\" ><\/div><div class=\"fusion-fullwidth fullwidth-box fusion-builder-row-1 fusion-flex-container fusion-parallax-up nonhundred-percent-fullwidth non-hundred-percent-height-scrolling fusion-no-small-visibility lazyload\" style=\"--awb-border-sizes-top:0px;--awb-border-sizes-bottom:0px;--awb-border-sizes-left:0px;--awb-border-sizes-right:0px;--awb-border-radius-top-left:0px;--awb-border-radius-top-right:0px;--awb-border-radius-bottom-right:0px;--awb-border-radius-bottom-left:0px;--awb-padding-top:10%;--awb-padding-right:5%;--awb-padding-bottom:10%;--awb-padding-left:5%;--awb-min-height:400px;--awb-background-size:cover;--awb-flex-wrap:wrap;\" data-bg=\"https:\/\/nordicscience.de\/corporate\/wp-content\/uploads\/2022\/02\/Marc-Eismeersurfing-2-scaled.jpg\" ><div class=\"fusion-builder-row fusion-row fusion-flex-align-items-flex-start fusion-flex-content-wrap\" style=\"max-width:calc( 1170px + 0px );margin-left: calc(-0px \/ 2 );margin-right: calc(-0px \/ 2 );\"><div class=\"fusion-layout-column fusion_builder_column fusion-builder-column-0 fusion_builder_column_1_1 1_1 fusion-flex-column\" style=\"--awb-bg-size:cover;--awb-width-large:100%;--awb-margin-top-large:0px;--awb-spacing-right-large:0px;--awb-margin-bottom-large:30px;--awb-spacing-left-large:0px;--awb-width-medium:100%;--awb-spacing-right-medium:0px;--awb-spacing-left-medium:0px;--awb-width-small:100%;--awb-spacing-right-small:0px;--awb-spacing-left-small:0px;\"><div class=\"fusion-column-wrapper fusion-flex-justify-content-flex-start fusion-content-layout-column\"><div class=\"fusion-title title fusion-title-1 fusion-sep-none fusion-title-center fusion-title-text fusion-title-size-one\" style=\"--awb-text-color:#ffffff;--awb-margin-top:70px;--awb-margin-bottom:30px;--awb-margin-top-small:0px;--awb-margin-right-small:0px;--awb-margin-bottom-small:20px;--awb-margin-left-small:0px;\"><h1 class=\"fusion-title-heading title-heading-center fusion-responsive-typography-calculated\" style=\"margin:0;--fontSize:60;line-height:1;\"><\/h1><\/div><\/div><\/div><\/div><\/div><div class=\"fusion-fullwidth fullwidth-box fusion-builder-row-2 fusion-flex-container nonhundred-percent-fullwidth non-hundred-percent-height-scrolling\" style=\"--awb-border-radius-top-left:0px;--awb-border-radius-top-right:0px;--awb-border-radius-bottom-right:0px;--awb-border-radius-bottom-left:0px;--awb-padding-top:60px;--awb-padding-bottom:60px;--awb-flex-wrap:wrap;\" ><div class=\"fusion-builder-row fusion-row fusion-flex-align-items-flex-start fusion-flex-content-wrap\" style=\"max-width:1216.8px;margin-left: calc(-4% \/ 2 );margin-right: calc(-4% \/ 2 );\"><div class=\"fusion-layout-column fusion_builder_column fusion-builder-column-1 fusion_builder_column_1_4 1_4 fusion-flex-column\" style=\"--awb-bg-size:cover;--awb-width-large:25%;--awb-margin-top-large:0px;--awb-spacing-right-large:7.68%;--awb-margin-bottom-large:30px;--awb-spacing-left-large:7.68%;--awb-width-medium:100%;--awb-order-medium:0;--awb-spacing-right-medium:1.92%;--awb-spacing-left-medium:1.92%;--awb-width-small:100%;--awb-order-small:0;--awb-spacing-right-small:1.92%;--awb-spacing-left-small:1.92%;\"><div class=\"fusion-column-wrapper fusion-column-has-shadow fusion-flex-justify-content-flex-start fusion-content-layout-column\"><div class=\"fusion-separator fusion-full-width-sep\" style=\"align-self: center;margin-left: auto;margin-right: auto;margin-top:30px;width:100%;\"><\/div><div class=\"fusion-image-element \" style=\"--awb-caption-title-font-family:var(--h2_typography-font-family);--awb-caption-title-font-weight:var(--h2_typography-font-weight);--awb-caption-title-font-style:var(--h2_typography-font-style);--awb-caption-title-size:var(--h2_typography-font-size);--awb-caption-title-transform:var(--h2_typography-text-transform);--awb-caption-title-line-height:var(--h2_typography-line-height);--awb-caption-title-letter-spacing:var(--h2_typography-letter-spacing);\"><span class=\" fusion-imageframe imageframe-dropshadow imageframe-1 hover-type-none fusion-animated\" style=\"-webkit-box-shadow: 3px 3px 7px rgba(0,0,0,0.3);box-shadow: 3px 3px 7px rgba(0,0,0,0.3);\" data-animationType=\"fadeInUp\" data-animationDuration=\"0.8\" data-animationOffset=\"top-into-view\"><img decoding=\"async\" width=\"674\" height=\"651\" title=\"Marc-Neu1_klein\" src=\"https:\/\/nordicscience.de\/corporate\/wp-content\/uploads\/2025\/08\/Marc-Neu1_klein.jpg\" data-orig-src=\"https:\/\/nordicscience.de\/corporate\/wp-content\/uploads\/2025\/08\/Marc-Neu1_klein.jpg\" alt class=\"lazyload img-responsive wp-image-6221\" srcset=\"data:image\/svg+xml,%3Csvg%20xmlns%3D%27http%3A%2F%2Fwww.w3.org%2F2000%2Fsvg%27%20width%3D%27674%27%20height%3D%27651%27%20viewBox%3D%270%200%20674%20651%27%3E%3Crect%20width%3D%27674%27%20height%3D%27651%27%20fill-opacity%3D%220%22%2F%3E%3C%2Fsvg%3E\" data-srcset=\"https:\/\/nordicscience.de\/corporate\/wp-content\/uploads\/2025\/08\/Marc-Neu1_klein-200x193.jpg 200w, https:\/\/nordicscience.de\/corporate\/wp-content\/uploads\/2025\/08\/Marc-Neu1_klein-400x386.jpg 400w, https:\/\/nordicscience.de\/corporate\/wp-content\/uploads\/2025\/08\/Marc-Neu1_klein-600x580.jpg 600w, https:\/\/nordicscience.de\/corporate\/wp-content\/uploads\/2025\/08\/Marc-Neu1_klein.jpg 674w\" data-sizes=\"auto\" data-orig-sizes=\"(max-width: 1024px) 100vw, (max-width: 640px) 100vw, 400px\" \/><\/span><\/div><div class=\"fusion-separator fusion-full-width-sep\" style=\"align-self: center;margin-left: auto;margin-right: auto;margin-top:24px;width:100%;\"><\/div><div class=\"fusion-text fusion-text-1 fusion-animated\" style=\"--awb-text-color:#00639c;\" data-animationType=\"fadeInUp\" data-animationDuration=\"1.0\" data-animationOffset=\"top-into-view\"><p><strong>Leitung Wissenschaft<br \/>\n<\/strong><\/p>\n<p>PhD Sportmedizin<br \/>\nM. Sc. Neurorehabilitation<br \/>\nM. Sc. Psychologie<br \/>\nM. Sc. Angewandte Neurowissenschaft<br \/>\nSportpsychologe (asp)<\/p>\n<\/div><\/div><\/div><div class=\"fusion-layout-column fusion_builder_column fusion-builder-column-2 fusion_builder_column_3_4 3_4 fusion-flex-column fusion-animated\" style=\"--awb-bg-size:cover;--awb-width-large:75%;--awb-margin-top-large:0px;--awb-spacing-right-large:2.56%;--awb-margin-bottom-large:30px;--awb-spacing-left-large:2.56%;--awb-width-medium:100%;--awb-order-medium:0;--awb-spacing-right-medium:1.92%;--awb-spacing-left-medium:1.92%;--awb-width-small:100%;--awb-order-small:0;--awb-spacing-right-small:1.92%;--awb-spacing-left-small:1.92%;\" data-animationType=\"fadeInUp\" data-animationDuration=\"1.2\" data-animationOffset=\"top-into-view\"><div class=\"fusion-column-wrapper fusion-column-has-shadow fusion-flex-justify-content-flex-start fusion-content-layout-column\"><div class=\"fusion-separator fusion-full-width-sep\" style=\"align-self: center;margin-left: auto;margin-right: auto;margin-top:30px;width:100%;\"><\/div><div class=\"fusion-title title fusion-title-2 fusion-sep-none fusion-title-text fusion-title-size-two\" style=\"--awb-margin-top-small:0px;--awb-margin-right-small:0px;--awb-margin-bottom-small:20px;--awb-margin-left-small:0px;\"><h2 class=\"fusion-title-heading title-heading-left fusion-responsive-typography-calculated\" style=\"margin:0;--fontSize:46;line-height:1.25;\"><strong>Dr. Marc Niering<\/strong><\/h2><\/div><div class=\"fusion-text fusion-text-2\"><h3><\/h3>\n<p>Das Nordlicht: Halb Deutsch &#8211; halb Schwede. Mit ihm hat alles angefangen. Brennt f\u00fcr die Wissenschaft. Immer auf der Suche nach der besten Therapieform f\u00fcr jeden einzelnen Fall. Leidenschaft f\u00fcr Fu\u00dfball und alles was mit Wasser zu tun hat. # nopalmtreeshere<\/p>\n<h4>Ausbildung<\/h4>\n<p><span class=\"color_13\">2021-2023 <\/span><span class=\"color_13\">King\u2019s College London Applied Neuroscience M. Sc.<\/span><\/p>\n<p><span class=\"color_13\">2021-2022<\/span><span class=\"color_13\"> London Metropolitan University Psychology M. Sc.<\/span><\/p>\n<p>2018-2022 Universit\u00e4t Duisburg-Essen Promotion Sportwissenschaften Dr. phil<\/p>\n<p>2019-2020 Hochschule Fresenius Neurorehabilitation M. Sc.<\/p>\n<p>2018-2019 Universit\u00e4t Innsbruck Postgraduate Curriculum Sportpsychologie im Leistungssport<\/p>\n<p>2015-2018 Hochschule f\u00fcr Sport und Gesundheit Berlin Sportwissenschaft M.A.<\/p>\n<p>2011-2015 Deutsche Sporthochschule K\u00f6ln Leistungssport B.A.<\/p>\n<p>2007-2010 Polizei Hessen, Kriminalkommissar, gehobener Dienst<\/p>\n<h3>Beruflicher Werdegang<\/h3>\n<p>2020- Gr\u00fcnder und Leitung Wissenschaft <span class=\"color_13\">Nordic Science Interdisziplin\u00e4res Zentrum f\u00fcr Therapie, Training und Forschung, Hannover<\/span><\/p>\n<p>2017- Dozent an verschiedenen Universit\u00e4ten und Fachhochschulen<\/p>\n<p>2015-2017 Leiter Athletik &amp; Rehabilitation SSV Jahn Regensburg GmbH &amp; Co. KGaA<\/p>\n<p>2014-2015 Leiter Sportwissenschaft &amp; Athletik Privates Sportinternat<\/p>\n<p>2012-2014 Athletik- &amp; Rehatrainer Lizenzmannschaft Eintracht Frankfurt Fu\u00dfball AG<\/p>\n<p>2010-2012 Torwarttrainer U17 Nationalmannschaft Deutscher Fu\u00dfball-Bund; Athletiktrainer<br \/>\nOlympiast\u00fctzpunkt Rheinland; Athletik- &amp; Rehatrainer U21\/U19 1.FC K\u00f6ln e.V.<\/p>\n<h3>Zertifikate &amp; Praktika<\/h3>\n<p>07\/2020 FIFA Diploma in Football Medicine, FIFA Medical Network, Online<\/p>\n<p>04\/2018 EXOS Performance Mentorship und EXOS Performance Specialist Certification Phoenix, USA<\/p>\n<p>03\/2018 EXOS Speed Performance Workshop, San Diego, CA, USA<\/p>\n<p>01\/2014 YogaTemple Bali 200h Yoga Teacher Training mit Matthew Sweeney<\/p>\n<p>12\/2013 WildLotus Shanghai 300h Yoga Teacher Training mit Patrick Creelman<\/p>\n<p>10\/2011 Deutscher Fu\u00dfball-Bund Torwarttrainer Pro Lizenz, Hamburg, DE<\/p>\n<p>06\/2010 EXOS Coerver Coaching Certificate, Rotterdam, NL<\/p>\n<p>02\/2010 Deutscher Fu\u00dfball-Bund Trainer B-Lizenz, Edenkoben, RP, DE<\/p>\n<h3>Auswahl an Vortr\u00e4gen &amp; Veranstaltungen<\/h3>\n<p><span class=\"color_13\">09\/2021\u00a0<\/span><span class=\"color_13\">European College of Sport Science Congress, Cologne, DE<\/span><\/p>\n<p>07\/2019 3rd International Conference on Movement, Tel-Aviv Univ., Tel-Aviv, ISR<\/p>\n<p>06\/2019 World Physical Medicine &amp; Rehabilitation Conference, Helsinki, FIN<\/p>\n<p>06\/2019 ICPESS International Conference On Physical Education And Sport Science, Kelowna, CAN<\/p>\n<p>05\/2019 Sports Medicine 2019, Harvard Medical School, Cambridge, MD<\/p>\n<p>01\/2017 VBG Pr\u00e4ventionssymposium, Regensburg, DE<\/p>\n<p>01\/2016 3. Wissenschaftskongress Deutscher Fu\u00dfball-Bund , Frankfurt am Main, DE<\/p>\n<h3>Ver\u00f6ffentlichungen (peer-reviewed)<\/h3>\n<p>Niering, M., &amp; Muehlbauer, T. (2022). Changes After a Conventional vs. an Alternative Therapy Program on Physical, Psychological, and Injury-Related Parameters in Male Youth Soccer Players With Patellar Tendinopathy During Return to Competition.\u00a0<i>The Journal of Strength &amp; Conditioning Research<\/i>, 10-1519.<span class=\"color_13\"> (<\/span><a href=\"https:\/\/doi.org\/10.1519\/JSC.0000000000004467\" target=\"_blank\" rel=\"noopener\"><span class=\"color_13\">Link<\/span><\/a><span class=\"color_13\">)<\/span><\/p>\n<p><span class=\"color_13\">Niering, M., &amp; Muehlbauer, T. (2021). Differences in Physical and Psychological Parameters in Sub-Elite, Male, Youth Soccer Players with Jumper\u2019s Knee Following Physical Therapy Compared to Healthy Controls: A Longitudinal Examination.\u00a0<i>International Journal of Sports Physical Therapy<\/i>,\u00a0<i>16<\/i>(1), 114. (<\/span><a href=\"https:\/\/doi.org\/10.26603%2F001c.18658\" target=\"_blank\" rel=\"noopener\"><span class=\"color_13\">Link<\/span><\/a><span class=\"color_13\">)<\/span><\/p>\n<p>Niering, M., &amp; Muehlbauer, T. (2021). Effects of Physical Training on Physical and Psychological Parameters in Individuals with Patella Tendinopathy: A Systematic Review and Meta-Analysis. <i>Sports<\/i>,\u00a0<i>9<\/i>(1), 12. (<a href=\"https:\/\/doi.org\/10.3390\/sports9010012\" target=\"_blank\" rel=\"noopener\">Link<\/a>)<\/p>\n<p>Niering M,, &amp; Muehlbauer T. (2021). Comparison of physical, psychological and injury-related outcome measures in sub-elite male youth soccer players with jumper\u2018s knee: Effects of a conventional versus an alternative therapy program. Presented at European College of Sport Science Congress, 08 September 2021<\/p>\n<h3>Aktuelle Lehrauftr\u00e4ge<\/h3>\n<p><strong>Fachhochschule des Mittelstands Hannover<br \/>\n<\/strong><em>Module:<\/em> Ern\u00e4hrung und Gesundheit; Pr\u00e4vention &amp; Rehabilitation; Medizinische Trainingstherapie; Didaktik und Methodik; Personal Coaching &amp; Athletiktraining; Wissenschaftliches Arbeiten; Projektmanagement in der Medizin<\/p>\n<p><strong>IU &#8211; Internationale Hochschule Hannover<br \/>\n<\/strong><em>Module:<\/em> Medizin f\u00fcr Nichtmediziner; Wissenschaftliches Arbeiten; Gesundheit und Pr\u00e4vention<\/p>\n<p><strong>Deutsche Hochschule f\u00fcr Gesundheit und Sport Berlin<br \/>\n<\/strong><em>Module:<\/em> Wissenschaftliches Arbeiten; Sozial- und Pers\u00f6nlichkeitspsychologie; Kognitionspsychologie; Diagnostik &amp; Intervention; Grundlagen der Anatomie; Grundlagen der Physiologie<\/p>\n<p><strong>MSH Medical School Hamburg<br \/>\n<\/strong><em>Module:<\/em> Sportneurophysiologie<\/p>\n<p><strong>Leibniz Universit\u00e4t Hannover<br \/>\n<\/strong><em>Module: <\/em>Biomechanik und Sportmotorik<\/p>\n<p><strong>Deutscher Olympischer Sportbund K\u00f6ln<br \/>\n<\/strong><em>Module:<\/em> Rehabilitation &amp; Pr\u00e4vention von Sportverletzungen; Biomechanik und Trainingslehre<\/p>\n<p><strong>Diploma Hochschule<br \/>\n<\/strong><em>Module:<\/em> Zukunftswerkstatt Betriebliches Gesundheitsmanagement<\/p>\n<\/div><\/div><\/div><\/div><\/div><\/p>\n","protected":false},"excerpt":{"rendered":"","protected":false},"author":1,"featured_media":0,"parent":1004,"menu_order":0,"comment_status":"closed","ping_status":"closed","template":"100-width.php","meta":{"footnotes":""},"class_list":["post-1040","page","type-page","status-publish","hentry"],"yoast_head":"<!-- This site is optimized with the Yoast SEO plugin v27.3 - https:\/\/yoast.com\/product\/yoast-seo-wordpress\/ -->\n<title>Marc Niering - Nordic Science Betriebliche Gesundheit<\/title>\n<meta name=\"robots\" content=\"index, follow, max-snippet:-1, max-image-preview:large, max-video-preview:-1\" \/>\n<link rel=\"canonical\" href=\"https:\/\/nordicscience.de\/corporate\/team\/marc-niering\/\" \/>\n<meta property=\"og:locale\" content=\"de_DE\" \/>\n<meta property=\"og:type\" content=\"article\" \/>\n<meta property=\"og:title\" content=\"Marc Niering - Nordic Science Betriebliche Gesundheit\" \/>\n<meta property=\"og:url\" content=\"https:\/\/nordicscience.de\/corporate\/team\/marc-niering\/\" \/>\n<meta property=\"og:site_name\" content=\"Nordic Science Betriebliche Gesundheit\" \/>\n<meta property=\"article:publisher\" content=\"https:\/\/www.facebook.com\/nordicscience\" \/>\n<meta property=\"article:modified_time\" content=\"2025-08-15T17:01:01+00:00\" \/>\n<meta name=\"twitter:card\" content=\"summary_large_image\" \/>\n<meta name=\"twitter:label1\" content=\"Gesch\u00e4tzte Lesezeit\" \/>\n\t<meta name=\"twitter:data1\" content=\"4\u00a0Minuten\" \/>\n<script type=\"application\/ld+json\" class=\"yoast-schema-graph\">{\"@context\":\"https:\\\/\\\/schema.org\",\"@graph\":[{\"@type\":\"WebPage\",\"@id\":\"https:\\\/\\\/nordicscience.de\\\/corporate\\\/team\\\/marc-niering\\\/\",\"url\":\"https:\\\/\\\/nordicscience.de\\\/corporate\\\/team\\\/marc-niering\\\/\",\"name\":\"Marc Niering - Nordic Science Betriebliche Gesundheit\",\"isPartOf\":{\"@id\":\"https:\\\/\\\/nordicscience.de\\\/corporate\\\/#website\"},\"datePublished\":\"2020-10-14T14:01:46+00:00\",\"dateModified\":\"2025-08-15T17:01:01+00:00\",\"breadcrumb\":{\"@id\":\"https:\\\/\\\/nordicscience.de\\\/corporate\\\/team\\\/marc-niering\\\/#breadcrumb\"},\"inLanguage\":\"de\",\"potentialAction\":[{\"@type\":\"ReadAction\",\"target\":[\"https:\\\/\\\/nordicscience.de\\\/corporate\\\/team\\\/marc-niering\\\/\"]}]},{\"@type\":\"BreadcrumbList\",\"@id\":\"https:\\\/\\\/nordicscience.de\\\/corporate\\\/team\\\/marc-niering\\\/#breadcrumb\",\"itemListElement\":[{\"@type\":\"ListItem\",\"position\":1,\"name\":\"Startseite\",\"item\":\"https:\\\/\\\/nordicscience.de\\\/corporate\\\/\"},{\"@type\":\"ListItem\",\"position\":2,\"name\":\"Team\",\"item\":\"https:\\\/\\\/nordicscience.de\\\/corporate\\\/team\\\/\"},{\"@type\":\"ListItem\",\"position\":3,\"name\":\"Marc Niering\"}]},{\"@type\":\"WebSite\",\"@id\":\"https:\\\/\\\/nordicscience.de\\\/corporate\\\/#website\",\"url\":\"https:\\\/\\\/nordicscience.de\\\/corporate\\\/\",\"name\":\"Nordic Science Institut fuer Biomechanik und Neurowissenschaften\",\"description\":\"Betriebliches Gesundheitsmanagement und Gesundheitsf\u00f6rderung\",\"publisher\":{\"@id\":\"https:\\\/\\\/nordicscience.de\\\/corporate\\\/#organization\"},\"potentialAction\":[{\"@type\":\"SearchAction\",\"target\":{\"@type\":\"EntryPoint\",\"urlTemplate\":\"https:\\\/\\\/nordicscience.de\\\/corporate\\\/?s={search_term_string}\"},\"query-input\":{\"@type\":\"PropertyValueSpecification\",\"valueRequired\":true,\"valueName\":\"search_term_string\"}}],\"inLanguage\":\"de\"},{\"@type\":\"Organization\",\"@id\":\"https:\\\/\\\/nordicscience.de\\\/corporate\\\/#organization\",\"name\":\"Nordic Science Institut fuer Biomechanik und Neurowissenschaften\",\"url\":\"https:\\\/\\\/nordicscience.de\\\/corporate\\\/\",\"logo\":{\"@type\":\"ImageObject\",\"inLanguage\":\"de\",\"@id\":\"https:\\\/\\\/nordicscience.de\\\/corporate\\\/#\\\/schema\\\/logo\\\/image\\\/\",\"url\":\"https:\\\/\\\/nordicscience.de\\\/corporate\\\/wp-content\\\/uploads\\\/2023\\\/08\\\/Nordic-Science-color.png\",\"contentUrl\":\"https:\\\/\\\/nordicscience.de\\\/corporate\\\/wp-content\\\/uploads\\\/2023\\\/08\\\/Nordic-Science-color.png\",\"width\":1395,\"height\":706,\"caption\":\"Nordic Science Institut fuer Biomechanik und Neurowissenschaften\"},\"image\":{\"@id\":\"https:\\\/\\\/nordicscience.de\\\/corporate\\\/#\\\/schema\\\/logo\\\/image\\\/\"},\"sameAs\":[\"https:\\\/\\\/www.facebook.com\\\/nordicscience\",\"https:\\\/\\\/www.instagram.com\\\/nordicscience\",\"https:\\\/\\\/www.linkedin.com\\\/company\\\/nordicscience\"]}]}<\/script>\n<!-- \/ Yoast SEO plugin. -->","yoast_head_json":{"title":"Marc Niering - Nordic Science Betriebliche Gesundheit","robots":{"index":"index","follow":"follow","max-snippet":"max-snippet:-1","max-image-preview":"max-image-preview:large","max-video-preview":"max-video-preview:-1"},"canonical":"https:\/\/nordicscience.de\/corporate\/team\/marc-niering\/","og_locale":"de_DE","og_type":"article","og_title":"Marc Niering - Nordic Science Betriebliche Gesundheit","og_url":"https:\/\/nordicscience.de\/corporate\/team\/marc-niering\/","og_site_name":"Nordic Science Betriebliche Gesundheit","article_publisher":"https:\/\/www.facebook.com\/nordicscience","article_modified_time":"2025-08-15T17:01:01+00:00","twitter_card":"summary_large_image","twitter_misc":{"Gesch\u00e4tzte Lesezeit":"4\u00a0Minuten"},"schema":{"@context":"https:\/\/schema.org","@graph":[{"@type":"WebPage","@id":"https:\/\/nordicscience.de\/corporate\/team\/marc-niering\/","url":"https:\/\/nordicscience.de\/corporate\/team\/marc-niering\/","name":"Marc Niering - Nordic Science Betriebliche Gesundheit","isPartOf":{"@id":"https:\/\/nordicscience.de\/corporate\/#website"},"datePublished":"2020-10-14T14:01:46+00:00","dateModified":"2025-08-15T17:01:01+00:00","breadcrumb":{"@id":"https:\/\/nordicscience.de\/corporate\/team\/marc-niering\/#breadcrumb"},"inLanguage":"de","potentialAction":[{"@type":"ReadAction","target":["https:\/\/nordicscience.de\/corporate\/team\/marc-niering\/"]}]},{"@type":"BreadcrumbList","@id":"https:\/\/nordicscience.de\/corporate\/team\/marc-niering\/#breadcrumb","itemListElement":[{"@type":"ListItem","position":1,"name":"Startseite","item":"https:\/\/nordicscience.de\/corporate\/"},{"@type":"ListItem","position":2,"name":"Team","item":"https:\/\/nordicscience.de\/corporate\/team\/"},{"@type":"ListItem","position":3,"name":"Marc Niering"}]},{"@type":"WebSite","@id":"https:\/\/nordicscience.de\/corporate\/#website","url":"https:\/\/nordicscience.de\/corporate\/","name":"Nordic Science Institut fuer Biomechanik und Neurowissenschaften","description":"Betriebliches Gesundheitsmanagement und Gesundheitsf\u00f6rderung","publisher":{"@id":"https:\/\/nordicscience.de\/corporate\/#organization"},"potentialAction":[{"@type":"SearchAction","target":{"@type":"EntryPoint","urlTemplate":"https:\/\/nordicscience.de\/corporate\/?s={search_term_string}"},"query-input":{"@type":"PropertyValueSpecification","valueRequired":true,"valueName":"search_term_string"}}],"inLanguage":"de"},{"@type":"Organization","@id":"https:\/\/nordicscience.de\/corporate\/#organization","name":"Nordic Science Institut fuer Biomechanik und Neurowissenschaften","url":"https:\/\/nordicscience.de\/corporate\/","logo":{"@type":"ImageObject","inLanguage":"de","@id":"https:\/\/nordicscience.de\/corporate\/#\/schema\/logo\/image\/","url":"https:\/\/nordicscience.de\/corporate\/wp-content\/uploads\/2023\/08\/Nordic-Science-color.png","contentUrl":"https:\/\/nordicscience.de\/corporate\/wp-content\/uploads\/2023\/08\/Nordic-Science-color.png","width":1395,"height":706,"caption":"Nordic Science Institut fuer Biomechanik und Neurowissenschaften"},"image":{"@id":"https:\/\/nordicscience.de\/corporate\/#\/schema\/logo\/image\/"},"sameAs":["https:\/\/www.facebook.com\/nordicscience","https:\/\/www.instagram.com\/nordicscience","https:\/\/www.linkedin.com\/company\/nordicscience"]}]}},"_links":{"self":[{"href":"https:\/\/nordicscience.de\/corporate\/wp-json\/wp\/v2\/pages\/1040","targetHints":{"allow":["GET"]}}],"collection":[{"href":"https:\/\/nordicscience.de\/corporate\/wp-json\/wp\/v2\/pages"}],"about":[{"href":"https:\/\/nordicscience.de\/corporate\/wp-json\/wp\/v2\/types\/page"}],"author":[{"embeddable":true,"href":"https:\/\/nordicscience.de\/corporate\/wp-json\/wp\/v2\/users\/1"}],"replies":[{"embeddable":true,"href":"https:\/\/nordicscience.de\/corporate\/wp-json\/wp\/v2\/comments?post=1040"}],"version-history":[{"count":52,"href":"https:\/\/nordicscience.de\/corporate\/wp-json\/wp\/v2\/pages\/1040\/revisions"}],"predecessor-version":[{"id":6256,"href":"https:\/\/nordicscience.de\/corporate\/wp-json\/wp\/v2\/pages\/1040\/revisions\/6256"}],"up":[{"embeddable":true,"href":"https:\/\/nordicscience.de\/corporate\/wp-json\/wp\/v2\/pages\/1004"}],"wp:attachment":[{"href":"https:\/\/nordicscience.de\/corporate\/wp-json\/wp\/v2\/media?parent=1040"}],"curies":[{"name":"wp","href":"https:\/\/api.w.org\/{rel}","templated":true}]}}